{"id":373,"date":"2021-07-13T18:19:52","date_gmt":"2021-07-13T16:19:52","guid":{"rendered":"http:\/\/www.whiskyvilla16.fr\/\/?page_id=373"},"modified":"2024-07-31T15:43:22","modified_gmt":"2024-07-31T13:43:22","slug":"legal-notice","status":"publish","type":"page","link":"https:\/\/www.whiskyvilla16.fr\/en\/legal-notice\/","title":{"rendered":"Legal Notice"},"content":{"rendered":"\n<h2 class=\"wp-block-heading\">OWNER, WEBSITE MANAGER<\/h2>\n\n\n\n<p>The website www.villa16whisky.fr&nbsp;is published by :<\/p>\n\n\n\n<p>PEYRAT ASSOCIES ET CIE<br>7 avenue du G\u00e9n\u00e9ral Leclerc <\/p>\n\n\n\n<p>16100 Cognac-France<\/p>\n\n\n\n<p>maisonpeyrat@orange.fr<\/p>\n\n\n\n<p>T\u00e9l : +33 5 56 81 16 16<\/p>\n\n\n\n<p>Forme Juridique : Soci\u00e9t\u00e9 \u00e0 Responsabilit\u00e9 Limit\u00e9e<\/p>\n\n\n\n<p>Num\u00e9ro de Siret : 4038924250030<\/p>\n\n\n\n<p>Capital Social : 26 550,00 Euros<\/p>\n\n\n\n<h2 class=\"wp-block-heading\">PUBLICATION DIRECTOR<\/h2>\n\n\n\n<p>The website\u2019s publication director is Cl\u00e9mence Peyrat.<\/p>\n\n\n\n<h2 class=\"wp-block-heading\">HOSTING SERVICE<\/h2>\n\n\n\n<p>The website is hosted by:<\/p>\n\n\n\n<p>OVH, a simplified joint-stock company with a capital of ten million euros, listed on the Lille Metropole B Trade and Companies Register under the number 424 761 419, whose head office is at:<\/p>\n\n\n\n<p>2, rue Kellermann<br>BP 80157<br>59100 ROUBAIX<br>FRANCE<br>Telephone: 0 899 498 765<\/p>\n\n\n\n<h2 class=\"wp-block-heading\">DESIGN AND PRODUCTION<\/h2>\n\n\n\n<p>The website www.villa16whisky.fr was designed by the&nbsp;<a href=\"https:\/\/www.mediacrossing.fr\/\">mediacrossing<\/a>&nbsp;agency:<\/p>\n\n\n\n<h2 class=\"wp-block-heading\">PHOTO CREDITS<\/h2>\n\n\n\n<p><a href=\"file:\/\/\/C:\/Users\/Utilisateur\/AppData\/Local\/Microsoft\/Windows\/INetCache\/Content.Outlook\/WQG5UVQH\/mediacrossing\">Mediacrossing<\/a>&nbsp;agency \/ PEYRAT ASSOCIES ET CIE \/ Two In The Room \/ David Berthaud<\/p>\n","protected":false},"excerpt":{"rendered":"<p>OWNER, WEBSITE MANAGER The website www.villa16whisky.fr&nbsp;is published by : PEYRAT ASSOCIES ET CIE7 avenue du G\u00e9n\u00e9ral Leclerc 16100 Cognac-France maisonpeyrat@orange.fr T\u00e9l : +33 5 56 81 16 16 Forme Juridique : Soci\u00e9t\u00e9 \u00e0 Responsabilit\u00e9 Limit\u00e9e Num\u00e9ro de Siret : 4038924250030 Capital Social : 26 550,00 Euros PUBLICATION DIRECTOR The website\u2019s publication director is Cl\u00e9mence Peyrat. [&hellip;]<\/p>\n","protected":false},"author":1,"featured_media":0,"parent":0,"menu_order":0,"comment_status":"closed","ping_status":"closed","template":"","meta":{"_acf_changed":false,"footnotes":""},"class_list":["post-373","page","type-page","status-publish","hentry"],"acf":[],"yoast_head":"<!-- This site is optimized with the Yoast SEO plugin v24.5 - https:\/\/yoast.com\/wordpress\/plugins\/seo\/ -->\n<title>Legal Notice - Whisky Villa N\u00b016<\/title>\n<meta name=\"robots\" content=\"noindex, follow\" \/>\n<meta property=\"og:locale\" content=\"en_US\" \/>\n<meta property=\"og:type\" content=\"article\" \/>\n<meta property=\"og:title\" content=\"Legal Notice - Whisky Villa N\u00b016\" \/>\n<meta property=\"og:description\" content=\"OWNER, WEBSITE MANAGER The website www.villa16whisky.fr&nbsp;is published by : PEYRAT ASSOCIES ET CIE7 avenue du G\u00e9n\u00e9ral Leclerc 16100 Cognac-France maisonpeyrat@orange.fr T\u00e9l : +33 5 56 81 16 16 Forme Juridique : Soci\u00e9t\u00e9 \u00e0 Responsabilit\u00e9 Limit\u00e9e Num\u00e9ro de Siret : 4038924250030 Capital Social : 26 550,00 Euros PUBLICATION DIRECTOR The website\u2019s publication director is Cl\u00e9mence Peyrat. [&hellip;]\" \/>\n<meta property=\"og:url\" content=\"https:\/\/www.whiskyvilla16.fr\/en\/legal-notice\/\" \/>\n<meta property=\"og:site_name\" content=\"Whisky Villa N\u00b016\" \/>\n<meta property=\"article:modified_time\" content=\"2024-07-31T13:43:22+00:00\" \/>\n<meta name=\"twitter:card\" content=\"summary_large_image\" \/>\n<meta name=\"twitter:label1\" content=\"Est. reading time\" \/>\n\t<meta name=\"twitter:data1\" content=\"1 minute\" \/>\n<script type=\"application\/ld+json\" class=\"yoast-schema-graph\">{\"@context\":\"https:\/\/schema.org\",\"@graph\":[{\"@type\":\"WebPage\",\"@id\":\"https:\/\/www.whiskyvilla16.fr\/en\/legal-notice\/\",\"url\":\"https:\/\/www.whiskyvilla16.fr\/en\/legal-notice\/\",\"name\":\"Legal Notice - Whisky Villa N\u00b016\",\"isPartOf\":{\"@id\":\"https:\/\/www.whiskyvilla16.fr\/#website\"},\"datePublished\":\"2021-07-13T16:19:52+00:00\",\"dateModified\":\"2024-07-31T13:43:22+00:00\",\"breadcrumb\":{\"@id\":\"https:\/\/www.whiskyvilla16.fr\/en\/legal-notice\/#breadcrumb\"},\"inLanguage\":\"en-US\",\"potentialAction\":[{\"@type\":\"ReadAction\",\"target\":[\"https:\/\/www.whiskyvilla16.fr\/en\/legal-notice\/\"]}]},{\"@type\":\"BreadcrumbList\",\"@id\":\"https:\/\/www.whiskyvilla16.fr\/en\/legal-notice\/#breadcrumb\",\"itemListElement\":[{\"@type\":\"ListItem\",\"position\":1,\"name\":\"Accueil\",\"item\":\"https:\/\/www.whiskyvilla16.fr\/en\/\"},{\"@type\":\"ListItem\",\"position\":2,\"name\":\"Legal Notice\"}]},{\"@type\":\"WebSite\",\"@id\":\"https:\/\/www.whiskyvilla16.fr\/#website\",\"url\":\"https:\/\/www.whiskyvilla16.fr\/\",\"name\":\"Whisky Villa N\u00b016\",\"description\":\"Maison Peyrat\",\"publisher\":{\"@id\":\"https:\/\/www.whiskyvilla16.fr\/#organization\"},\"potentialAction\":[{\"@type\":\"SearchAction\",\"target\":{\"@type\":\"EntryPoint\",\"urlTemplate\":\"https:\/\/www.whiskyvilla16.fr\/?s={search_term_string}\"},\"query-input\":{\"@type\":\"PropertyValueSpecification\",\"valueRequired\":true,\"valueName\":\"search_term_string\"}}],\"inLanguage\":\"en-US\"},{\"@type\":\"Organization\",\"@id\":\"https:\/\/www.whiskyvilla16.fr\/#organization\",\"name\":\"Maison Peyrat - Whisky Villa N\u00b016\",\"url\":\"https:\/\/www.whiskyvilla16.fr\/\",\"logo\":{\"@type\":\"ImageObject\",\"inLanguage\":\"en-US\",\"@id\":\"https:\/\/www.whiskyvilla16.fr\/#\/schema\/logo\/image\/\",\"url\":\"https:\/\/whisky.maisonpeyrat.fr\/wp-content\/uploads\/sites\/4\/2021\/07\/logo.svg\",\"contentUrl\":\"https:\/\/whisky.maisonpeyrat.fr\/wp-content\/uploads\/sites\/4\/2021\/07\/logo.svg\",\"width\":82,\"height\":67,\"caption\":\"Maison Peyrat - Whisky Villa N\u00b016\"},\"image\":{\"@id\":\"https:\/\/www.whiskyvilla16.fr\/#\/schema\/logo\/image\/\"},\"sameAs\":[\"https:\/\/whisky.maisonpeyrat.fr\"]}]}<\/script>\n<!-- \/ Yoast SEO plugin. -->","yoast_head_json":{"title":"Legal Notice - Whisky Villa N\u00b016","robots":{"index":"noindex","follow":"follow"},"og_locale":"en_US","og_type":"article","og_title":"Legal Notice - Whisky Villa N\u00b016","og_description":"OWNER, WEBSITE MANAGER The website www.villa16whisky.fr&nbsp;is published by : PEYRAT ASSOCIES ET CIE7 avenue du G\u00e9n\u00e9ral Leclerc 16100 Cognac-France maisonpeyrat@orange.fr T\u00e9l : +33 5 56 81 16 16 Forme Juridique : Soci\u00e9t\u00e9 \u00e0 Responsabilit\u00e9 Limit\u00e9e Num\u00e9ro de Siret : 4038924250030 Capital Social : 26 550,00 Euros PUBLICATION DIRECTOR The website\u2019s publication director is Cl\u00e9mence Peyrat. [&hellip;]","og_url":"https:\/\/www.whiskyvilla16.fr\/en\/legal-notice\/","og_site_name":"Whisky Villa N\u00b016","article_modified_time":"2024-07-31T13:43:22+00:00","twitter_card":"summary_large_image","twitter_misc":{"Est. reading time":"1 minute"},"schema":{"@context":"https:\/\/schema.org","@graph":[{"@type":"WebPage","@id":"https:\/\/www.whiskyvilla16.fr\/en\/legal-notice\/","url":"https:\/\/www.whiskyvilla16.fr\/en\/legal-notice\/","name":"Legal Notice - Whisky Villa N\u00b016","isPartOf":{"@id":"https:\/\/www.whiskyvilla16.fr\/#website"},"datePublished":"2021-07-13T16:19:52+00:00","dateModified":"2024-07-31T13:43:22+00:00","breadcrumb":{"@id":"https:\/\/www.whiskyvilla16.fr\/en\/legal-notice\/#breadcrumb"},"inLanguage":"en-US","potentialAction":[{"@type":"ReadAction","target":["https:\/\/www.whiskyvilla16.fr\/en\/legal-notice\/"]}]},{"@type":"BreadcrumbList","@id":"https:\/\/www.whiskyvilla16.fr\/en\/legal-notice\/#breadcrumb","itemListElement":[{"@type":"ListItem","position":1,"name":"Accueil","item":"https:\/\/www.whiskyvilla16.fr\/en\/"},{"@type":"ListItem","position":2,"name":"Legal Notice"}]},{"@type":"WebSite","@id":"https:\/\/www.whiskyvilla16.fr\/#website","url":"https:\/\/www.whiskyvilla16.fr\/","name":"Whisky Villa N\u00b016","description":"Maison Peyrat","publisher":{"@id":"https:\/\/www.whiskyvilla16.fr\/#organization"},"potentialAction":[{"@type":"SearchAction","target":{"@type":"EntryPoint","urlTemplate":"https:\/\/www.whiskyvilla16.fr\/?s={search_term_string}"},"query-input":{"@type":"PropertyValueSpecification","valueRequired":true,"valueName":"search_term_string"}}],"inLanguage":"en-US"},{"@type":"Organization","@id":"https:\/\/www.whiskyvilla16.fr\/#organization","name":"Maison Peyrat - Whisky Villa N\u00b016","url":"https:\/\/www.whiskyvilla16.fr\/","logo":{"@type":"ImageObject","inLanguage":"en-US","@id":"https:\/\/www.whiskyvilla16.fr\/#\/schema\/logo\/image\/","url":"https:\/\/whisky.maisonpeyrat.fr\/wp-content\/uploads\/sites\/4\/2021\/07\/logo.svg","contentUrl":"https:\/\/whisky.maisonpeyrat.fr\/wp-content\/uploads\/sites\/4\/2021\/07\/logo.svg","width":82,"height":67,"caption":"Maison Peyrat - Whisky Villa N\u00b016"},"image":{"@id":"https:\/\/www.whiskyvilla16.fr\/#\/schema\/logo\/image\/"},"sameAs":["https:\/\/whisky.maisonpeyrat.fr"]}]}},"_links":{"self":[{"href":"https:\/\/www.whiskyvilla16.fr\/en\/wp-json\/wp\/v2\/pages\/373","targetHints":{"allow":["GET"]}}],"collection":[{"href":"https:\/\/www.whiskyvilla16.fr\/en\/wp-json\/wp\/v2\/pages"}],"about":[{"href":"https:\/\/www.whiskyvilla16.fr\/en\/wp-json\/wp\/v2\/types\/page"}],"author":[{"embeddable":true,"href":"https:\/\/www.whiskyvilla16.fr\/en\/wp-json\/wp\/v2\/users\/1"}],"replies":[{"embeddable":true,"href":"https:\/\/www.whiskyvilla16.fr\/en\/wp-json\/wp\/v2\/comments?post=373"}],"version-history":[{"count":3,"href":"https:\/\/www.whiskyvilla16.fr\/en\/wp-json\/wp\/v2\/pages\/373\/revisions"}],"predecessor-version":[{"id":496,"href":"https:\/\/www.whiskyvilla16.fr\/en\/wp-json\/wp\/v2\/pages\/373\/revisions\/496"}],"wp:attachment":[{"href":"https:\/\/www.whiskyvilla16.fr\/en\/wp-json\/wp\/v2\/media?parent=373"}],"curies":[{"name":"wp","href":"https:\/\/api.w.org\/{rel}","templated":true}]}}